{"id":760,"date":"2021-12-29T12:54:22","date_gmt":"2021-12-29T12:54:22","guid":{"rendered":"https:\/\/freeimprobarcelona.com\/free-impro-barcelona\/"},"modified":"2022-01-07T19:06:17","modified_gmt":"2022-01-07T19:06:17","slug":"free-impro-barcelona","status":"publish","type":"page","link":"https:\/\/freeimprobarcelona.com\/es\/free-impro-barcelona\/","title":{"rendered":"Free Impro Barcelona"},"content":{"rendered":"[et_pb_section fb_built=&#8221;1&#8243; admin_label=&#8221;section&#8221; _builder_version=&#8221;3.22&#8243; global_colors_info=&#8221;{}&#8221;][et_pb_row admin_label=&#8221;row&#8221; _builder_version=&#8221;3.25&#8243; background_size=&#8221;initial&#8221; background_position=&#8221;top_left&#8221; background_repeat=&#8221;repeat&#8221; global_colors_info=&#8221;{}&#8221;][et_pb_column type=&#8221;4_4&#8243; _builder_version=&#8221;3.25&#8243; custom_padding=&#8221;|||&#8221; global_colors_info=&#8221;{}&#8221; custom_padding__hover=&#8221;|||&#8221;][et_pb_text admin_label=&#8221;Text&#8221; _builder_version=&#8221;3.27.4&#8243; background_size=&#8221;initial&#8221; background_position=&#8221;top_left&#8221; background_repeat=&#8221;repeat&#8221; global_colors_info=&#8221;{}&#8221;]<p><em>Free Impro Barcelona<\/em> se funda en 2019 y constituye como asociaci\u00f3n en 2021, con el fin de divulgar la m\u00fasica improvisada libre y experimental para enriquecer la oferta cultural de calidad en la Ciudad de Barcelona y sus alrededores.<\/p>\n<p>Debido al incipiente crecimiento de improvisadores e improvisadores, el colectivo sin \u00e1nimo de lucro observa interesante suscitar encuentros, tanto musicales como interdisciplinares y, accionar su apertura al espectador. Asimismo, incentivar el pensamiento contempor\u00e1neo y trabajar por el reconocimiento profesional del arte improvisado libre con el apoyo de la administraci\u00f3n p\u00fablica.<\/p>\n<p>La v\u00eda implementativa se desarrolla mediante un calendario actualizado y su difusi\u00f3n medi\u00e1tica con los eventos en el marco de la improvisaci\u00f3n libre en Barcelona, tambi\u00e9n mediante un ciclo mensual y m\u00f3vil de arte improvisado, m\u00e1s actividades informativas (workshops) relacionadas con la praxis en cuesti\u00f3n.<\/p>\n<p>&#8220;Silencio, arte y curiosidad!&#8221;<\/p>\n<p>&nbsp;<\/p>\n<p><\/p>[\/et_pb_text][\/et_pb_column][\/et_pb_row][\/et_pb_section]<!-- \/wp:post-content -->","protected":false},"excerpt":{"rendered":"<p>Definici\u00f3n de l&#8217;associaci\u00f3n<\/p>\n","protected":false},"author":1,"featured_media":0,"parent":0,"menu_order":0,"comment_status":"closed","ping_status":"closed","template":"","meta":{"_et_pb_use_builder":"on","_et_pb_old_content":"","_et_gb_content_width":"","footnotes":""},"class_list":["post-760","page","type-page","status-publish","hentry"],"yoast_head":"<!-- This site is optimized with the Yoast SEO plugin v19.9 - https:\/\/yoast.com\/wordpress\/plugins\/seo\/ -->\n<title>Free Impro Barcelona - Free Impro Barcelona<\/title>\n<meta name=\"robots\" content=\"index, follow, max-snippet:-1, max-image-preview:large, max-video-preview:-1\" \/>\n<link rel=\"canonical\" href=\"https:\/\/freeimprobarcelona.com\/es\/free-impro-barcelona\/\" \/>\n<meta property=\"og:locale\" content=\"es_ES\" \/>\n<meta property=\"og:type\" content=\"article\" \/>\n<meta property=\"og:title\" content=\"Free Impro Barcelona - Free Impro Barcelona\" \/>\n<meta property=\"og:description\" content=\"Definici\u00f3n de l&#039;associaci\u00f3n\" \/>\n<meta property=\"og:url\" content=\"https:\/\/freeimprobarcelona.com\/es\/free-impro-barcelona\/\" \/>\n<meta property=\"og:site_name\" content=\"Free Impro Barcelona\" \/>\n<meta property=\"article:modified_time\" content=\"2022-01-07T19:06:17+00:00\" \/>\n<meta name=\"twitter:card\" content=\"summary_large_image\" \/>\n<meta name=\"twitter:label1\" content=\"Tiempo de lectura\" \/>\n\t<meta name=\"twitter:data1\" content=\"1 minuto\" \/>\n<script type=\"application\/ld+json\" class=\"yoast-schema-graph\">{\"@context\":\"https:\/\/schema.org\",\"@graph\":[{\"@type\":\"WebPage\",\"@id\":\"https:\/\/freeimprobarcelona.com\/es\/free-impro-barcelona\/\",\"url\":\"https:\/\/freeimprobarcelona.com\/es\/free-impro-barcelona\/\",\"name\":\"Free Impro Barcelona - Free Impro Barcelona\",\"isPartOf\":{\"@id\":\"https:\/\/freeimprobarcelona.com\/es\/#website\"},\"datePublished\":\"2021-12-29T12:54:22+00:00\",\"dateModified\":\"2022-01-07T19:06:17+00:00\",\"breadcrumb\":{\"@id\":\"https:\/\/freeimprobarcelona.com\/es\/free-impro-barcelona\/#breadcrumb\"},\"inLanguage\":\"es\",\"potentialAction\":[{\"@type\":\"ReadAction\",\"target\":[\"https:\/\/freeimprobarcelona.com\/es\/free-impro-barcelona\/\"]}]},{\"@type\":\"BreadcrumbList\",\"@id\":\"https:\/\/freeimprobarcelona.com\/es\/free-impro-barcelona\/#breadcrumb\",\"itemListElement\":[{\"@type\":\"ListItem\",\"position\":1,\"name\":\"Inicio\",\"item\":\"https:\/\/freeimprobarcelona.com\/es\/\"},{\"@type\":\"ListItem\",\"position\":2,\"name\":\"Free Impro Barcelona\"}]},{\"@type\":\"WebSite\",\"@id\":\"https:\/\/freeimprobarcelona.com\/es\/#website\",\"url\":\"https:\/\/freeimprobarcelona.com\/es\/\",\"name\":\"Free Impro Barcelona\",\"description\":\"Free Impro Barcelona\",\"potentialAction\":[{\"@type\":\"SearchAction\",\"target\":{\"@type\":\"EntryPoint\",\"urlTemplate\":\"https:\/\/freeimprobarcelona.com\/es\/?s={search_term_string}\"},\"query-input\":\"required name=search_term_string\"}],\"inLanguage\":\"es\"}]}<\/script>\n<!-- \/ Yoast SEO plugin. -->","yoast_head_json":{"title":"Free Impro Barcelona - Free Impro Barcelona","robots":{"index":"index","follow":"follow","max-snippet":"max-snippet:-1","max-image-preview":"max-image-preview:large","max-video-preview":"max-video-preview:-1"},"canonical":"https:\/\/freeimprobarcelona.com\/es\/free-impro-barcelona\/","og_locale":"es_ES","og_type":"article","og_title":"Free Impro Barcelona - Free Impro Barcelona","og_description":"Definici\u00f3n de l'associaci\u00f3n","og_url":"https:\/\/freeimprobarcelona.com\/es\/free-impro-barcelona\/","og_site_name":"Free Impro Barcelona","article_modified_time":"2022-01-07T19:06:17+00:00","twitter_card":"summary_large_image","twitter_misc":{"Tiempo de lectura":"1 minuto"},"schema":{"@context":"https:\/\/schema.org","@graph":[{"@type":"WebPage","@id":"https:\/\/freeimprobarcelona.com\/es\/free-impro-barcelona\/","url":"https:\/\/freeimprobarcelona.com\/es\/free-impro-barcelona\/","name":"Free Impro Barcelona - Free Impro Barcelona","isPartOf":{"@id":"https:\/\/freeimprobarcelona.com\/es\/#website"},"datePublished":"2021-12-29T12:54:22+00:00","dateModified":"2022-01-07T19:06:17+00:00","breadcrumb":{"@id":"https:\/\/freeimprobarcelona.com\/es\/free-impro-barcelona\/#breadcrumb"},"inLanguage":"es","potentialAction":[{"@type":"ReadAction","target":["https:\/\/freeimprobarcelona.com\/es\/free-impro-barcelona\/"]}]},{"@type":"BreadcrumbList","@id":"https:\/\/freeimprobarcelona.com\/es\/free-impro-barcelona\/#breadcrumb","itemListElement":[{"@type":"ListItem","position":1,"name":"Inicio","item":"https:\/\/freeimprobarcelona.com\/es\/"},{"@type":"ListItem","position":2,"name":"Free Impro Barcelona"}]},{"@type":"WebSite","@id":"https:\/\/freeimprobarcelona.com\/es\/#website","url":"https:\/\/freeimprobarcelona.com\/es\/","name":"Free Impro Barcelona","description":"Free Impro Barcelona","potentialAction":[{"@type":"SearchAction","target":{"@type":"EntryPoint","urlTemplate":"https:\/\/freeimprobarcelona.com\/es\/?s={search_term_string}"},"query-input":"required name=search_term_string"}],"inLanguage":"es"}]}},"_links":{"self":[{"href":"https:\/\/freeimprobarcelona.com\/es\/wp-json\/wp\/v2\/pages\/760","targetHints":{"allow":["GET"]}}],"collection":[{"href":"https:\/\/freeimprobarcelona.com\/es\/wp-json\/wp\/v2\/pages"}],"about":[{"href":"https:\/\/freeimprobarcelona.com\/es\/wp-json\/wp\/v2\/types\/page"}],"author":[{"embeddable":true,"href":"https:\/\/freeimprobarcelona.com\/es\/wp-json\/wp\/v2\/users\/1"}],"replies":[{"embeddable":true,"href":"https:\/\/freeimprobarcelona.com\/es\/wp-json\/wp\/v2\/comments?post=760"}],"version-history":[{"count":7,"href":"https:\/\/freeimprobarcelona.com\/es\/wp-json\/wp\/v2\/pages\/760\/revisions"}],"predecessor-version":[{"id":913,"href":"https:\/\/freeimprobarcelona.com\/es\/wp-json\/wp\/v2\/pages\/760\/revisions\/913"}],"wp:attachment":[{"href":"https:\/\/freeimprobarcelona.com\/es\/wp-json\/wp\/v2\/media?parent=760"}],"curies":[{"name":"wp","href":"https:\/\/api.w.org\/{rel}","templated":true}]}}